{"id":302,"date":"2025-07-03T15:39:02","date_gmt":"2025-07-03T15:39:02","guid":{"rendered":"http:\/\/dsgvoeasyinfo.uni-goettingen.de\/?page_id=302"},"modified":"2025-07-03T15:39:24","modified_gmt":"2025-07-03T15:39:24","slug":"projekt-2","status":"publish","type":"page","link":"https:\/\/dsgvoeasyinfo.uni-goettingen.de\/index.php\/projekt-2\/","title":{"rendered":"Projekt"},"content":{"rendered":"\n<div class=\"wp-block-group alignfull has-global-padding is-content-justification-center is-layout-constrained wp-container-core-group-is-layout-c85a72e9 wp-block-group-is-layout-constrained\" style=\"margin-top:0;margin-bottom:0;padding-top:var(--wp--preset--spacing--50);padding-bottom:var(--wp--preset--spacing--50)\">\n<div class=\"wp-block-columns alignwide is-layout-flex wp-container-core-columns-is-layout-28f84493 wp-block-columns-is-layout-flex\">\n<div class=\"wp-block-column is-layout-flow wp-block-column-is-layout-flow\">\n<h3 class=\"wp-block-heading\">Motivation<\/h3>\n\n\n\n<p class=\"has-medium-font-size\">Die Relevanz des Forschungsvorhabens &#8220;DSGVO-easyInfo&#8221; resultiert aus der&nbsp;Diskrepanz zwischen den normativen Anforderungen der Datenschutz-Grundverordnung (DSGVO)&nbsp;an die Informationspflichten und der&nbsp;fehlenden Informiertheit der betroffenen Personen. Diese f\u00fchrt zu einer&nbsp;fehlenden informationellen Selbstbestimmung. Das Projekt ist mithin motiviert durch die Notwendigkeit, mittels&nbsp;evidenzbasierter Forschung&nbsp;eine&nbsp;pragmatische und zugleich normkonforme L\u00f6sung&nbsp;in Form eines standardisierten Informationsblattes zu entwickeln und dessen Effektivit\u00e4t experimentell zu validieren. Ferner intendiert das Vorhaben, als&nbsp;innovativer Demonstrator f\u00fcr eine anreizorientierte Regulierungspolitik&nbsp;zu fungieren, indem es die praktikable Implementierung datenschutzrechtlicher Vorgaben erleichtert und somit die Diffusion von Best Practices innerhalb der Europ\u00e4ischen Union stimuliert, um die effektive Wahrnehmung individueller Datenschutzrechte zu f\u00f6rdern.<\/p>\n<\/div>\n\n\n\n<div class=\"wp-block-column is-layout-flow wp-block-column-is-layout-flow\">\n<h3 class=\"wp-block-heading\">Ziele und Vorgehen<\/h3>\n\n\n\n<p class=\"has-medium-font-size\">Ziele:&nbsp;Das Hauptziel ist die Entwicklung und Evaluierung eines standardisierten, verst\u00e4ndlichen Informationsblattes, um die Informiertheit \u00fcber die DSGVO zu erh\u00f6hen und Einwilligungsprozesse zu verbessern. Es soll eine anreizorientierte Regulierung demonstrieren und als europ\u00e4isches Modell f\u00fcr den Datenschutz dienen.<\/p>\n\n\n\n<p class=\"has-medium-font-size\">Vorgehen:&nbsp;Das Projekt kombiniert juristische und wirtschaftsinformatische Analysen zur Gestaltung des Informationsblattes, inklusive Vorstudien zur Optimierung. Anschlie\u00dfend wird das Blatt experimentell getestet und die Ergebnisse durch wissenschaftliche Kommunikation verbreitet.<\/p>\n<\/div>\n\n\n\n<div class=\"wp-block-column is-layout-flow wp-block-column-is-layout-flow\">\n<h3 class=\"wp-block-heading\">Innovationen und Perspektiven<\/h3>\n\n\n\n<p class=\"has-medium-font-size\">Das Projekt &#8220;DSGVO-easyInfo&#8221; zielt darauf ab, durch ein innovatives, standardisiertes Informationsblatt die Verst\u00e4ndlichkeit der DSGVO zu erh\u00f6hen und somit die Informiertheit der B\u00fcrger zu verbessern. Es verfolgt einen anreizorientierten Regulierungsansatz, indem es die Einhaltung des Datenschutzes durch klare Informationen f\u00f6rdert. Perspektivisch soll das Projekt als Leuchtturm in der EU dienen, den politischen Meinungsbildungsprozess beeinflussen und als Grundlage f\u00fcr weitere technologische Entwicklungen im Bereich Datenschutz dienen.<\/p>\n<\/div>\n<\/div>\n<\/div>\n\n\n\n<p class=\"has-text-align-center\"><strong>Zwischenbericht<\/strong> <\/p>\n\n\n\n<div class=\"wp-block-group alignfull has-global-padding is-content-justification-center is-layout-constrained wp-container-core-group-is-layout-c85a72e9 wp-block-group-is-layout-constrained\" style=\"margin-top:0;margin-bottom:0;padding-top:var(--wp--preset--spacing--50);padding-bottom:var(--wp--preset--spacing--50)\">\n<div class=\"wp-block-group is-nowrap is-layout-flex wp-container-core-group-is-layout-6c531013 wp-block-group-is-layout-flex\">\n<p>Ab sofort steht der erste Zwischenbericht f\u00fcr das Projekt DSGVO-easyInfo zum Download bereit. Der Bericht enth\u00e4lt eine umfassende juristische Analyse sowie die ersten Ergebnisse unserer Vorstudien. Informieren Sie sich \u00fcber die bisherigen Erkenntnisse und den aktuellen Stand des Projekts!<\/p>\n<\/div>\n\n\n\n<div class=\"wp-block-file\"><a id=\"wp-block-file--media-6ea4a5c1-b86f-47f7-b344-cee610257063\" href=\"http:\/\/dsgvoeasyinfo.uni-goettingen.de\/wp-content\/uploads\/2025\/05\/Zwischenbericht_DSGVO-1.pdf\">Zwischenbericht_DSGVO<\/a><a href=\"http:\/\/dsgvoeasyinfo.uni-goettingen.de\/wp-content\/uploads\/2025\/05\/Zwischenbericht_DSGVO-1.pdf\" class=\"wp-block-file__button wp-element-button\" download aria-describedby=\"wp-block-file--media-6ea4a5c1-b86f-47f7-b344-cee610257063\">Download<\/a><\/div>\n<\/div>\n","protected":false},"excerpt":{"rendered":"<p>Motivation Die Relevanz des Forschungsvorhabens &#8220;DSGVO-easyInfo&#8221; resultiert aus der&nbsp;Diskrepanz zwischen den normativen Anforderungen der Datenschutz-Grundverordnung (DSGVO)&nbsp;an die Informationspflichten und der&nbsp;fehlenden Informiertheit der betroffenen Personen. Diese f\u00fchrt zu einer&nbsp;fehlenden informationellen Selbstbestimmung. Das Projekt ist mithin motiviert durch die Notwendigkeit, mittels&nbsp;evidenzbasierter Forschung&nbsp;eine&nbsp;pragmatische und zugleich normkonforme L\u00f6sung&nbsp;in Form eines standardisierten Informationsblattes zu entwickeln und dessen Effektivit\u00e4t experimentell zu [&hellip;]<\/p>\n","protected":false},"author":4,"featured_media":144,"parent":0,"menu_order":0,"comment_status":"closed","ping_status":"closed","template":"","meta":{"footnotes":""},"class_list":["post-302","page","type-page","status-publish","has-post-thumbnail","hentry"],"_links":{"self":[{"href":"https:\/\/dsgvoeasyinfo.uni-goettingen.de\/index.php\/wp-json\/wp\/v2\/pages\/302","targetHints":{"allow":["GET"]}}],"collection":[{"href":"https:\/\/dsgvoeasyinfo.uni-goettingen.de\/index.php\/wp-json\/wp\/v2\/pages"}],"about":[{"href":"https:\/\/dsgvoeasyinfo.uni-goettingen.de\/index.php\/wp-json\/wp\/v2\/types\/page"}],"author":[{"embeddable":true,"href":"https:\/\/dsgvoeasyinfo.uni-goettingen.de\/index.php\/wp-json\/wp\/v2\/users\/4"}],"replies":[{"embeddable":true,"href":"https:\/\/dsgvoeasyinfo.uni-goettingen.de\/index.php\/wp-json\/wp\/v2\/comments?post=302"}],"version-history":[{"count":9,"href":"https:\/\/dsgvoeasyinfo.uni-goettingen.de\/index.php\/wp-json\/wp\/v2\/pages\/302\/revisions"}],"predecessor-version":[{"id":520,"href":"https:\/\/dsgvoeasyinfo.uni-goettingen.de\/index.php\/wp-json\/wp\/v2\/pages\/302\/revisions\/520"}],"wp:featuredmedia":[{"embeddable":true,"href":"https:\/\/dsgvoeasyinfo.uni-goettingen.de\/index.php\/wp-json\/wp\/v2\/media\/144"}],"wp:attachment":[{"href":"https:\/\/dsgvoeasyinfo.uni-goettingen.de\/index.php\/wp-json\/wp\/v2\/media?parent=302"}],"curies":[{"name":"wp","href":"https:\/\/api.w.org\/{rel}","templated":true}]}}